{"id":2,"date":"2016-09-15T14:25:44","date_gmt":"2016-09-15T20:25:44","guid":{"rendered":"http:\/\/malla-gallinera.net\/?page_id=2"},"modified":"2017-02-03T20:19:53","modified_gmt":"2017-02-04T02:19:53","slug":"malla-gallinera","status":"publish","type":"page","link":"https:\/\/malla-gallinera.net\/","title":{"rendered":"MALLA GALLINERA: UN INSUMO AVICOLA DE USOS MULTIPLES"},"content":{"rendered":"<h2 style=\"text-align: center;\"><strong>La malla gallinera CHICKENMALLA en el \u00e1rea\u00a0de la agricultura y la\u00a0<\/strong><b>jardiner\u00eda<\/b><\/h2>\n<figure id=\"attachment_22\" aria-describedby=\"caption-attachment-22\" style=\"width: 300px\" class=\"wp-caption aligncenter\"><img loading=\"lazy\" decoding=\"async\" class=\"size-medium wp-image-22\" src=\"http:\/\/malla-gallinera.net\/wp-content\/uploads\/2016\/09\/Malla-gallinera-para-aves-de-corral-300x200.jpg\" alt=\"Malla gallinera.\" width=\"300\" height=\"200\" srcset=\"https:\/\/malla-gallinera.net\/wp-content\/uploads\/2016\/09\/Malla-gallinera-para-aves-de-corral-300x200.jpg 300w, https:\/\/malla-gallinera.net\/wp-content\/uploads\/2016\/09\/Malla-gallinera-para-aves-de-corral.jpg 556w\" sizes=\"auto, (max-width: 300px) 100vw, 300px\" \/><figcaption id=\"caption-attachment-22\" class=\"wp-caption-text\">La mejor malla pl\u00e1stica para la cr\u00eda de aves de corral es la malla gallinera.<\/figcaption><\/figure>\n<p style=\"text-align: justify;\">La malla gallinera es una herramienta digamos, un elemento polif\u00f3nico, de m\u00faltiples usos. Es f\u00e1cil de conseguir y f\u00e1cil de agregar a los elementos dom\u00e9sticos siempre y cuando se haga con cuidado.<\/p>\n<p style=\"text-align: justify;\">No es cara la malla gallinera, se monta con herramienta normales. No dudes en preguntar a tu proveedor o incluso buscar en internet la manera en que puedes manipularla, \u00a1es f\u00e1cil! La puedes encontrar en diversos tama\u00f1os. Si no has utilizado este material, no dudes en hacerlo.<\/p>\n<h3 style=\"text-align: center;\"><strong>El uso de mallas pl\u00e1sticas\u00a0es tendencia<\/strong><\/h3>\n<figure id=\"attachment_23\" aria-describedby=\"caption-attachment-23\" style=\"width: 160px\" class=\"wp-caption aligncenter\"><img loading=\"lazy\" decoding=\"async\" class=\" wp-image-23\" src=\"http:\/\/malla-gallinera.net\/wp-content\/uploads\/2016\/09\/Corral-de-gallinas-211x300.jpg\" alt=\"Malla plastica gallinera.\" width=\"160\" height=\"227\" srcset=\"https:\/\/malla-gallinera.net\/wp-content\/uploads\/2016\/09\/Corral-de-gallinas-211x300.jpg 211w, https:\/\/malla-gallinera.net\/wp-content\/uploads\/2016\/09\/Corral-de-gallinas.jpg 406w\" sizes=\"auto, (max-width: 160px) 100vw, 160px\" \/><figcaption id=\"caption-attachment-23\" class=\"wp-caption-text\">Malla gallinera para la construcci\u00f3n de corrales de gallinas.<\/figcaption><\/figure>\n<p style=\"text-align: justify;\">Desde mallas para construcci\u00f3n, malla anti-granizo y malla gallinera, utilizamos esta herramienta para optimizar, capitalizar y expresar \u00a1nuestra creatividad!<\/p>\n<p style=\"text-align: justify;\">El uso de mallas en la vida laboral y en la vida secular, resulta una enorme ventaja en cuanto a producci\u00f3n, aprovechamiento y creatividad en diversas \u00e1reas como la construcci\u00f3n, la<strong> <a title=\"Agricultura\" href=\"https:\/\/es.wikipedia.org\/wiki\/Agricultura\">agricultura<\/a><\/strong> e incluso, el uso dom\u00e9stico. Cheque usted por qu\u00e9\u2026<\/p>\n<figure id=\"attachment_13\" aria-describedby=\"caption-attachment-13\" style=\"width: 300px\" class=\"wp-caption aligncenter\"><img loading=\"lazy\" decoding=\"async\" class=\"wp-image-13 size-medium\" src=\"http:\/\/malla-gallinera.net\/wp-content\/uploads\/2016\/09\/Malla-gallinera-3-300x169.jpg\" alt=\"Malla gallinera\" width=\"300\" height=\"169\" srcset=\"https:\/\/malla-gallinera.net\/wp-content\/uploads\/2016\/09\/Malla-gallinera-3-300x169.jpg 300w, https:\/\/malla-gallinera.net\/wp-content\/uploads\/2016\/09\/Malla-gallinera-3.jpg 548w\" sizes=\"auto, (max-width: 300px) 100vw, 300px\" \/><figcaption id=\"caption-attachment-13\" class=\"wp-caption-text\">Malla gallinera en el \u00e1rea de la jardiner\u00eda. Esta misma malla se puede instalar para tapar los canceles y as\u00ed evitar que animales y basura entren de la calle.<\/figcaption><\/figure>\n<p style=\"text-align: justify;\">Existen en el mercado todo tipo de mallas, algunas sirven para mejorar una red de tierra, otras para ayudar a la divisi\u00f3n de terrenos o lugares de protecci\u00f3n en el campo y, tambi\u00e9n hay algunas que se usan como material de soporte de recubrimientos, muy com\u00fan en muros y plafones.<\/p>\n<p style=\"text-align: justify;\">Seguramente en su d\u00eda a d\u00eda usted se ha encontrado de frente con el uso de mallas y ni cuenta se ha dado, lo que significa \u2013o queremos comunicarle- es que la implementaci\u00f3n de esta herramienta para la capitalizaci\u00f3n de productos, construcciones, espacios, etc., es m\u00e1s com\u00fan de lo que usted cree.<\/p>\n<figure id=\"attachment_18\" aria-describedby=\"caption-attachment-18\" style=\"width: 235px\" class=\"wp-caption aligncenter\"><img loading=\"lazy\" decoding=\"async\" class=\" wp-image-18\" src=\"http:\/\/malla-gallinera.net\/wp-content\/uploads\/2016\/09\/Malla-gallinera-en-la-agricultura-300x290.jpg\" alt=\"Malla gallinera\" width=\"235\" height=\"227\" srcset=\"https:\/\/malla-gallinera.net\/wp-content\/uploads\/2016\/09\/Malla-gallinera-en-la-agricultura-300x290.jpg 300w, https:\/\/malla-gallinera.net\/wp-content\/uploads\/2016\/09\/Malla-gallinera-en-la-agricultura.jpg 354w\" sizes=\"auto, (max-width: 235px) 100vw, 235px\" \/><figcaption id=\"caption-attachment-18\" class=\"wp-caption-text\">Malla gallinera utilizada para cercar cultivos de tomate.<\/figcaption><\/figure>\n<p style=\"text-align: justify;\">Por otra parte, debemos se\u00f1alar que en los \u00faltimos a\u00f1os el uso de <a href=\"http:\/\/hortomallas.com\">mallas en las \u00e1reas de agricultura<\/a> y jardiner\u00eda ha resultado un \u00e9xito rotundo, esto debido a que es un elemento relativamente barato que ayuda a la optimizaci\u00f3n de la producci\u00f3n de los cultivos, para muestra los resultados que ofrece el uso de la <a href=\"http:\/\/malla-sombra.com\">malla sombra en plant\u00edos<\/a> y en la cosecha de jitomate cherry.<\/p>\n<figure id=\"attachment_14\" aria-describedby=\"caption-attachment-14\" style=\"width: 162px\" class=\"wp-caption alignright\"><img loading=\"lazy\" decoding=\"async\" class=\"wp-image-14 size-medium\" src=\"http:\/\/malla-gallinera.net\/wp-content\/uploads\/2016\/09\/Malla-gallinera-162x300.jpg\" alt=\"Malla gallinera\" width=\"162\" height=\"300\" srcset=\"https:\/\/malla-gallinera.net\/wp-content\/uploads\/2016\/09\/Malla-gallinera-162x300.jpg 162w, https:\/\/malla-gallinera.net\/wp-content\/uploads\/2016\/09\/Malla-gallinera.jpg 193w\" sizes=\"auto, (max-width: 162px) 100vw, 162px\" \/><figcaption id=\"caption-attachment-14\" class=\"wp-caption-text\">Huerta de hortalizas cercada con malla gallinera de plastico como valla.<\/figcaption><\/figure>\n<p style=\"text-align: justify;\">Eso por un lado, por otro, se ha incrementado la compra de malla en menor escala debido, obviamente, a la tendencia de crear o construir un huerto en casa. Preferimos producir nuestras propias hortalizas y la malla nos ahorra tiempo, dinero y esfuerzo. \u00a1Es maravillosa con los <strong><a href=\"https:\/\/es.wikipedia.org\/wiki\/Clima#Microclimas\"><span class=\"toctext\">Microclimas<\/span><\/a><\/strong>!<\/p>\n<p style=\"text-align: justify;\">Quisiera mencionar por ejemplo el uso de las <a href=\"http:\/\/control-de-maleza.com\"><strong>mallas antihierbas<\/strong><\/a>. Se usa con \u00e9xito, principalmente en invernaderos, v\u00edveros y jardines, protege a los plant\u00edos de la humedad, economiza el agua y extiende las temporadas de cultivo.<\/p>\n<h4 style=\"text-align: center;\"><strong>Otro punto de suma importancia<\/strong><\/h4>\n<p style=\"text-align: justify;\">Estas\u00a0<a href=\"http:\/\/malla-pollera.com\">mallas polleras<\/a> auxilian de manera esencial a los agricultores. Esta ayuda a gran escala en cuanto a la protecci\u00f3n de los cultivos de las tragedias clim\u00e1ticas.<\/p>\n<figure id=\"attachment_16\" aria-describedby=\"caption-attachment-16\" style=\"width: 259px\" class=\"wp-caption aligncenter\"><img loading=\"lazy\" decoding=\"async\" class=\"wp-image-16\" src=\"http:\/\/malla-gallinera.net\/wp-content\/uploads\/2016\/09\/Malla-gallinera-3-1-300x232.jpg\" alt=\"Malla gallinera\" width=\"259\" height=\"200\" srcset=\"https:\/\/malla-gallinera.net\/wp-content\/uploads\/2016\/09\/Malla-gallinera-3-1-300x232.jpg 300w, https:\/\/malla-gallinera.net\/wp-content\/uploads\/2016\/09\/Malla-gallinera-3-1.jpg 453w\" sizes=\"auto, (max-width: 259px) 100vw, 259px\" \/><figcaption id=\"caption-attachment-16\" class=\"wp-caption-text\">Malla gallinera utilizada para dividir un terreno. Al ser f\u00e1cil de instalar se puede utilizar en la cria de gallinas y pavos org\u00e1nicos.<\/figcaption><\/figure>\n<p style=\"text-align: justify;\">En los \u00faltimos a\u00f1os se ha incrementado la venta de <strong>malla antigranizo<\/strong>. Realmente la <a href=\"http:\/\/malla-antigranizo.com\">malla antigranizo<\/a> ha resultado una soluci\u00f3n efectiva contra tormentas. Es una especie de pasiva defensa. Se ayuda con esta herramienta a preservar la cosecha de arbustos, plantas y dem\u00e1s. Por otro lado, el uso de malla permite el paso de luz, aire y agua.<\/p>\n<figure id=\"attachment_19\" aria-describedby=\"caption-attachment-19\" style=\"width: 300px\" class=\"wp-caption aligncenter\"><img loading=\"lazy\" decoding=\"async\" class=\"wp-image-19 size-medium\" src=\"http:\/\/malla-gallinera.net\/wp-content\/uploads\/2016\/09\/Malla-gallinera-en-restaurante-300x170.jpg\" alt=\"Malla gallinera \" width=\"300\" height=\"170\" srcset=\"https:\/\/malla-gallinera.net\/wp-content\/uploads\/2016\/09\/Malla-gallinera-en-restaurante-300x170.jpg 300w, https:\/\/malla-gallinera.net\/wp-content\/uploads\/2016\/09\/Malla-gallinera-en-restaurante.jpg 525w\" sizes=\"auto, (max-width: 300px) 100vw, 300px\" \/><figcaption id=\"caption-attachment-19\" class=\"wp-caption-text\">Malla gallinera instalada en el patio de un restauran para evitar el paso de las aves.<\/figcaption><\/figure>\n<p style=\"text-align: justify;\">Ahora bien, el uso de mallas para pollos no se circunscribe al tema agr\u00edcola o de la construcci\u00f3n. Tambi\u00e9n incide en el \u00e1rea dom\u00e9stica como mencionamos anteriormente. Es decir, en nuestro d\u00eda a d\u00eda, para muestra la malla gallinera.<\/p>\n<p style=\"text-align: justify;\">M.O.S.<\/p>\n","protected":false},"excerpt":{"rendered":"<p>La malla gallinera CHICKENMALLA en el \u00e1rea\u00a0de la agricultura y la\u00a0jardiner\u00eda La malla gallinera es una herramienta digamos, un elemento polif\u00f3nico, de m\u00faltiples usos. Es &hellip; <\/p>\n","protected":false},"author":1,"featured_media":0,"parent":0,"menu_order":0,"comment_status":"closed","ping_status":"open","template":"","meta":{"footnotes":""},"class_list":["post-2","page","type-page","status-publish","hentry","latest_post"],"yoast_head":"<!-- This site is optimized with the Yoast SEO plugin v26.2 - https:\/\/yoast.com\/wordpress\/plugins\/seo\/ -->\n<title>La malla gallinera en el \u00e1rea de la agricultura y la jardiner\u00eda<\/title>\n<meta name=\"description\" content=\"La malla gallinera es un \u00e9xito en el \u00e1rea de la construcci\u00f3n, la agricultura y la jardiner\u00eda, hoy est\u00e1 de moda por su \u00fatil propuesta en el \u00e1rea del dise\u00f1o.\" \/>\n<meta name=\"robots\" content=\"index, follow, max-snippet:-1, max-image-preview:large, max-video-preview:-1\" \/>\n<link rel=\"canonical\" href=\"https:\/\/malla-gallinera.net\/\" \/>\n<meta property=\"og:locale\" content=\"es_MX\" \/>\n<meta property=\"og:type\" content=\"article\" \/>\n<meta property=\"og:title\" content=\"La malla gallinera en el \u00e1rea de la agricultura y la jardiner\u00eda\" \/>\n<meta property=\"og:description\" content=\"La malla gallinera es un \u00e9xito en el \u00e1rea de la construcci\u00f3n, la agricultura y la jardiner\u00eda, hoy est\u00e1 de moda por su \u00fatil propuesta en el \u00e1rea del dise\u00f1o.\" \/>\n<meta property=\"og:url\" content=\"https:\/\/malla-gallinera.net\/\" \/>\n<meta property=\"og:site_name\" content=\"Todo sobre Malla Gallinera\" \/>\n<meta property=\"article:modified_time\" content=\"2017-02-04T02:19:53+00:00\" \/>\n<meta property=\"og:image\" content=\"http:\/\/malla-gallinera.net\/wp-content\/uploads\/2016\/09\/Malla-gallinera-para-aves-de-corral-300x200.jpg\" \/>\n<meta name=\"twitter:card\" content=\"summary_large_image\" \/>\n<meta name=\"twitter:label1\" content=\"Tiempo de lectura\" \/>\n\t<meta name=\"twitter:data1\" content=\"4 minutos\" \/>\n<script type=\"application\/ld+json\" class=\"yoast-schema-graph\">{\"@context\":\"https:\/\/schema.org\",\"@graph\":[{\"@type\":\"WebPage\",\"@id\":\"https:\/\/malla-gallinera.net\/\",\"url\":\"https:\/\/malla-gallinera.net\/\",\"name\":\"La malla gallinera en el \u00e1rea de la agricultura y la jardiner\u00eda\",\"isPartOf\":{\"@id\":\"https:\/\/malla-gallinera.net\/#website\"},\"primaryImageOfPage\":{\"@id\":\"https:\/\/malla-gallinera.net\/#primaryimage\"},\"image\":{\"@id\":\"https:\/\/malla-gallinera.net\/#primaryimage\"},\"thumbnailUrl\":\"http:\/\/malla-gallinera.net\/wp-content\/uploads\/2016\/09\/Malla-gallinera-para-aves-de-corral-300x200.jpg\",\"datePublished\":\"2016-09-15T20:25:44+00:00\",\"dateModified\":\"2017-02-04T02:19:53+00:00\",\"description\":\"La malla gallinera es un \u00e9xito en el \u00e1rea de la construcci\u00f3n, la agricultura y la jardiner\u00eda, hoy est\u00e1 de moda por su \u00fatil propuesta en el \u00e1rea del dise\u00f1o.\",\"breadcrumb\":{\"@id\":\"https:\/\/malla-gallinera.net\/#breadcrumb\"},\"inLanguage\":\"es\",\"potentialAction\":[{\"@type\":\"ReadAction\",\"target\":[\"https:\/\/malla-gallinera.net\/\"]}]},{\"@type\":\"ImageObject\",\"inLanguage\":\"es\",\"@id\":\"https:\/\/malla-gallinera.net\/#primaryimage\",\"url\":\"http:\/\/malla-gallinera.net\/wp-content\/uploads\/2016\/09\/Malla-gallinera-para-aves-de-corral-300x200.jpg\",\"contentUrl\":\"http:\/\/malla-gallinera.net\/wp-content\/uploads\/2016\/09\/Malla-gallinera-para-aves-de-corral-300x200.jpg\"},{\"@type\":\"BreadcrumbList\",\"@id\":\"https:\/\/malla-gallinera.net\/#breadcrumb\",\"itemListElement\":[{\"@type\":\"ListItem\",\"position\":1,\"name\":\"Inicio\",\"item\":\"https:\/\/malla-gallinera.net\/\"},{\"@type\":\"ListItem\",\"position\":2,\"name\":\"MALLA GALLINERA: UN INSUMO AVICOLA DE USOS MULTIPLES\"}]},{\"@type\":\"WebSite\",\"@id\":\"https:\/\/malla-gallinera.net\/#website\",\"url\":\"https:\/\/malla-gallinera.net\/\",\"name\":\"Todo sobre Malla Gallinera\",\"description\":\"Malla gallinera CHICKENMALLA, la que no se oxida.\",\"publisher\":{\"@id\":\"https:\/\/malla-gallinera.net\/#organization\"},\"potentialAction\":[{\"@type\":\"SearchAction\",\"target\":{\"@type\":\"EntryPoint\",\"urlTemplate\":\"https:\/\/malla-gallinera.net\/?s={search_term_string}\"},\"query-input\":{\"@type\":\"PropertyValueSpecification\",\"valueRequired\":true,\"valueName\":\"search_term_string\"}}],\"inLanguage\":\"es\"},{\"@type\":\"Organization\",\"@id\":\"https:\/\/malla-gallinera.net\/#organization\",\"name\":\"Todo sobre Malla Gallinera\",\"url\":\"https:\/\/malla-gallinera.net\/\",\"logo\":{\"@type\":\"ImageObject\",\"inLanguage\":\"es\",\"@id\":\"https:\/\/malla-gallinera.net\/#\/schema\/logo\/image\/\",\"url\":\"https:\/\/malla-gallinera.net\/wp-content\/uploads\/2023\/04\/cropped-CHICKENMALLA-borde-blanco.png\",\"contentUrl\":\"https:\/\/malla-gallinera.net\/wp-content\/uploads\/2023\/04\/cropped-CHICKENMALLA-borde-blanco.png\",\"width\":510,\"height\":312,\"caption\":\"Todo sobre Malla Gallinera\"},\"image\":{\"@id\":\"https:\/\/malla-gallinera.net\/#\/schema\/logo\/image\/\"}}]}<\/script>\n<!-- \/ Yoast SEO plugin. -->","yoast_head_json":{"title":"La malla gallinera en el \u00e1rea de la agricultura y la jardiner\u00eda","description":"La malla gallinera es un \u00e9xito en el \u00e1rea de la construcci\u00f3n, la agricultura y la jardiner\u00eda, hoy est\u00e1 de moda por su \u00fatil propuesta en el \u00e1rea del dise\u00f1o.","robots":{"index":"index","follow":"follow","max-snippet":"max-snippet:-1","max-image-preview":"max-image-preview:large","max-video-preview":"max-video-preview:-1"},"canonical":"https:\/\/malla-gallinera.net\/","og_locale":"es_MX","og_type":"article","og_title":"La malla gallinera en el \u00e1rea de la agricultura y la jardiner\u00eda","og_description":"La malla gallinera es un \u00e9xito en el \u00e1rea de la construcci\u00f3n, la agricultura y la jardiner\u00eda, hoy est\u00e1 de moda por su \u00fatil propuesta en el \u00e1rea del dise\u00f1o.","og_url":"https:\/\/malla-gallinera.net\/","og_site_name":"Todo sobre Malla Gallinera","article_modified_time":"2017-02-04T02:19:53+00:00","og_image":[{"url":"http:\/\/malla-gallinera.net\/wp-content\/uploads\/2016\/09\/Malla-gallinera-para-aves-de-corral-300x200.jpg","type":"","width":"","height":""}],"twitter_card":"summary_large_image","twitter_misc":{"Tiempo de lectura":"4 minutos"},"schema":{"@context":"https:\/\/schema.org","@graph":[{"@type":"WebPage","@id":"https:\/\/malla-gallinera.net\/","url":"https:\/\/malla-gallinera.net\/","name":"La malla gallinera en el \u00e1rea de la agricultura y la jardiner\u00eda","isPartOf":{"@id":"https:\/\/malla-gallinera.net\/#website"},"primaryImageOfPage":{"@id":"https:\/\/malla-gallinera.net\/#primaryimage"},"image":{"@id":"https:\/\/malla-gallinera.net\/#primaryimage"},"thumbnailUrl":"http:\/\/malla-gallinera.net\/wp-content\/uploads\/2016\/09\/Malla-gallinera-para-aves-de-corral-300x200.jpg","datePublished":"2016-09-15T20:25:44+00:00","dateModified":"2017-02-04T02:19:53+00:00","description":"La malla gallinera es un \u00e9xito en el \u00e1rea de la construcci\u00f3n, la agricultura y la jardiner\u00eda, hoy est\u00e1 de moda por su \u00fatil propuesta en el \u00e1rea del dise\u00f1o.","breadcrumb":{"@id":"https:\/\/malla-gallinera.net\/#breadcrumb"},"inLanguage":"es","potentialAction":[{"@type":"ReadAction","target":["https:\/\/malla-gallinera.net\/"]}]},{"@type":"ImageObject","inLanguage":"es","@id":"https:\/\/malla-gallinera.net\/#primaryimage","url":"http:\/\/malla-gallinera.net\/wp-content\/uploads\/2016\/09\/Malla-gallinera-para-aves-de-corral-300x200.jpg","contentUrl":"http:\/\/malla-gallinera.net\/wp-content\/uploads\/2016\/09\/Malla-gallinera-para-aves-de-corral-300x200.jpg"},{"@type":"BreadcrumbList","@id":"https:\/\/malla-gallinera.net\/#breadcrumb","itemListElement":[{"@type":"ListItem","position":1,"name":"Inicio","item":"https:\/\/malla-gallinera.net\/"},{"@type":"ListItem","position":2,"name":"MALLA GALLINERA: UN INSUMO AVICOLA DE USOS MULTIPLES"}]},{"@type":"WebSite","@id":"https:\/\/malla-gallinera.net\/#website","url":"https:\/\/malla-gallinera.net\/","name":"Todo sobre Malla Gallinera","description":"Malla gallinera CHICKENMALLA, la que no se oxida.","publisher":{"@id":"https:\/\/malla-gallinera.net\/#organization"},"potentialAction":[{"@type":"SearchAction","target":{"@type":"EntryPoint","urlTemplate":"https:\/\/malla-gallinera.net\/?s={search_term_string}"},"query-input":{"@type":"PropertyValueSpecification","valueRequired":true,"valueName":"search_term_string"}}],"inLanguage":"es"},{"@type":"Organization","@id":"https:\/\/malla-gallinera.net\/#organization","name":"Todo sobre Malla Gallinera","url":"https:\/\/malla-gallinera.net\/","logo":{"@type":"ImageObject","inLanguage":"es","@id":"https:\/\/malla-gallinera.net\/#\/schema\/logo\/image\/","url":"https:\/\/malla-gallinera.net\/wp-content\/uploads\/2023\/04\/cropped-CHICKENMALLA-borde-blanco.png","contentUrl":"https:\/\/malla-gallinera.net\/wp-content\/uploads\/2023\/04\/cropped-CHICKENMALLA-borde-blanco.png","width":510,"height":312,"caption":"Todo sobre Malla Gallinera"},"image":{"@id":"https:\/\/malla-gallinera.net\/#\/schema\/logo\/image\/"}}]}},"_links":{"self":[{"href":"https:\/\/malla-gallinera.net\/index.php\/wp-json\/wp\/v2\/pages\/2","targetHints":{"allow":["GET"]}}],"collection":[{"href":"https:\/\/malla-gallinera.net\/index.php\/wp-json\/wp\/v2\/pages"}],"about":[{"href":"https:\/\/malla-gallinera.net\/index.php\/wp-json\/wp\/v2\/types\/page"}],"author":[{"embeddable":true,"href":"https:\/\/malla-gallinera.net\/index.php\/wp-json\/wp\/v2\/users\/1"}],"replies":[{"embeddable":true,"href":"https:\/\/malla-gallinera.net\/index.php\/wp-json\/wp\/v2\/comments?post=2"}],"version-history":[{"count":17,"href":"https:\/\/malla-gallinera.net\/index.php\/wp-json\/wp\/v2\/pages\/2\/revisions"}],"predecessor-version":[{"id":173,"href":"https:\/\/malla-gallinera.net\/index.php\/wp-json\/wp\/v2\/pages\/2\/revisions\/173"}],"wp:attachment":[{"href":"https:\/\/malla-gallinera.net\/index.php\/wp-json\/wp\/v2\/media?parent=2"}],"curies":[{"name":"wp","href":"https:\/\/api.w.org\/{rel}","templated":true}]}}